{"id":7,"date":"2022-01-02T15:50:00","date_gmt":"2022-01-02T15:50:00","guid":{"rendered":"https:\/\/www.turkser.com\/?page_id=7"},"modified":"2024-03-02T13:43:45","modified_gmt":"2024-03-02T13:43:45","slug":"projelerimiz","status":"publish","type":"page","link":"https:\/\/www.turkser.com\/index.php\/projelerimiz\/","title":{"rendered":"PROJE \u00d6RNEKLER\u0130M\u0130Z"},"content":{"rendered":"\n<figure class=\"wp-block-image size-large is-style-default\"><img loading=\"lazy\" decoding=\"async\" width=\"1024\" height=\"1024\" src=\"https:\/\/www.turkser.com\/wp-content\/uploads\/2022\/01\/20181013_110159-1024x1024.jpg\" alt=\"\" class=\"wp-image-82\" srcset=\"https:\/\/www.turkser.com\/wp-content\/uploads\/2022\/01\/20181013_110159-1024x1024.jpg 1024w, https:\/\/www.turkser.com\/wp-content\/uploads\/2022\/01\/20181013_110159-300x300.jpg 300w, https:\/\/www.turkser.com\/wp-content\/uploads\/2022\/01\/20181013_110159-150x150.jpg 150w, https:\/\/www.turkser.com\/wp-content\/uploads\/2022\/01\/20181013_110159-768x768.jpg 768w, https:\/\/www.turkser.com\/wp-content\/uploads\/2022\/01\/20181013_110159-1536x1536.jpg 1536w, https:\/\/www.turkser.com\/wp-content\/uploads\/2022\/01\/20181013_110159-2048x2048.jpg 2048w, https:\/\/www.turkser.com\/wp-content\/uploads\/2022\/01\/20181013_110159-1200x1200.jpg 1200w, https:\/\/www.turkser.com\/wp-content\/uploads\/2022\/01\/20181013_110159-1980x1980.jpg 1980w\" sizes=\"auto, (max-width: 1024px) 100vw, 1024px\" \/><\/figure>\n\n\n\n<figure class=\"wp-block-gallery has-nested-images columns-default is-cropped wp-block-gallery-1 is-layout-flex wp-block-gallery-is-layout-flex\">\n<figure class=\"wp-block-image size-large\"><img loading=\"lazy\" decoding=\"async\" width=\"1024\" height=\"576\" data-id=\"144\" src=\"https:\/\/www.turkser.com\/wp-content\/uploads\/2024\/03\/DSC_0009-1024x576.jpg\" alt=\"\" class=\"wp-image-144\" srcset=\"https:\/\/www.turkser.com\/wp-content\/uploads\/2024\/03\/DSC_0009-1024x576.jpg 1024w, https:\/\/www.turkser.com\/wp-content\/uploads\/2024\/03\/DSC_0009-300x169.jpg 300w, https:\/\/www.turkser.com\/wp-content\/uploads\/2024\/03\/DSC_0009-768x432.jpg 768w, https:\/\/www.turkser.com\/wp-content\/uploads\/2024\/03\/DSC_0009-1536x864.jpg 1536w, https:\/\/www.turkser.com\/wp-content\/uploads\/2024\/03\/DSC_0009-2048x1152.jpg 2048w, https:\/\/www.turkser.com\/wp-content\/uploads\/2024\/03\/DSC_0009-1200x675.jpg 1200w, https:\/\/www.turkser.com\/wp-content\/uploads\/2024\/03\/DSC_0009-1980x1114.jpg 1980w\" sizes=\"auto, (max-width: 1024px) 100vw, 1024px\" \/><\/figure>\n<\/figure>\n","protected":false},"excerpt":{"rendered":"","protected":false},"author":1,"featured_media":0,"parent":0,"menu_order":0,"comment_status":"closed","ping_status":"closed","template":"","meta":{"footnotes":""},"class_list":["post-7","page","type-page","status-publish","hentry"],"_links":{"self":[{"href":"https:\/\/www.turkser.com\/index.php\/wp-json\/wp\/v2\/pages\/7","targetHints":{"allow":["GET"]}}],"collection":[{"href":"https:\/\/www.turkser.com\/index.php\/wp-json\/wp\/v2\/pages"}],"about":[{"href":"https:\/\/www.turkser.com\/index.php\/wp-json\/wp\/v2\/types\/page"}],"author":[{"embeddable":true,"href":"https:\/\/www.turkser.com\/index.php\/wp-json\/wp\/v2\/users\/1"}],"replies":[{"embeddable":true,"href":"https:\/\/www.turkser.com\/index.php\/wp-json\/wp\/v2\/comments?post=7"}],"version-history":[{"count":5,"href":"https:\/\/www.turkser.com\/index.php\/wp-json\/wp\/v2\/pages\/7\/revisions"}],"predecessor-version":[{"id":145,"href":"https:\/\/www.turkser.com\/index.php\/wp-json\/wp\/v2\/pages\/7\/revisions\/145"}],"wp:attachment":[{"href":"https:\/\/www.turkser.com\/index.php\/wp-json\/wp\/v2\/media?parent=7"}],"curies":[{"name":"wp","href":"https:\/\/api.w.org\/{rel}","templated":true}]}}