{"id":59,"date":"2022-01-02T16:52:53","date_gmt":"2022-01-02T16:52:53","guid":{"rendered":"https:\/\/www.turkser.com\/?page_id=59"},"modified":"2024-03-02T14:06:16","modified_gmt":"2024-03-02T14:06:16","slug":"sistem-havasi","status":"publish","type":"page","link":"https:\/\/www.turkser.com\/index.php\/sistem-havasi\/","title":{"rendered":"Systemair"},"content":{"rendered":"\n<p>SYSTEMA\u0130R KL\u0130MA SANTRALLER\u0130,<\/p>\n\n\n\n<p>Bir\u00e7ok end\u00fcstri fabrikam\u0131zda, \u0130zmir&#8217;deki mevcut g\u00f6kdelen projelerinde, say\u0131s\u0131z hastane, otel, avmler, havaalan\u0131 ve tesislerde Systemair \u00fcr\u00fcnleri kullan\u0131lmaktad\u0131r.<\/p>\n","protected":false},"excerpt":{"rendered":"<p>SYSTEMA\u0130R KL\u0130MA SANTRALLER\u0130, Bir\u00e7ok end\u00fcstri fabrikam\u0131zda, \u0130zmir&#8217;deki mevcut g\u00f6kdelen projelerinde, say\u0131s\u0131z hastane, otel, avmler, havaalan\u0131 ve tesislerde Systemair \u00fcr\u00fcnleri kullan\u0131lmaktad\u0131r.<\/p>\n","protected":false},"author":1,"featured_media":118,"parent":0,"menu_order":0,"comment_status":"closed","ping_status":"closed","template":"","meta":{"footnotes":""},"class_list":["post-59","page","type-page","status-publish","has-post-thumbnail","hentry"],"_links":{"self":[{"href":"https:\/\/www.turkser.com\/index.php\/wp-json\/wp\/v2\/pages\/59","targetHints":{"allow":["GET"]}}],"collection":[{"href":"https:\/\/www.turkser.com\/index.php\/wp-json\/wp\/v2\/pages"}],"about":[{"href":"https:\/\/www.turkser.com\/index.php\/wp-json\/wp\/v2\/types\/page"}],"author":[{"embeddable":true,"href":"https:\/\/www.turkser.com\/index.php\/wp-json\/wp\/v2\/users\/1"}],"replies":[{"embeddable":true,"href":"https:\/\/www.turkser.com\/index.php\/wp-json\/wp\/v2\/comments?post=59"}],"version-history":[{"count":6,"href":"https:\/\/www.turkser.com\/index.php\/wp-json\/wp\/v2\/pages\/59\/revisions"}],"predecessor-version":[{"id":150,"href":"https:\/\/www.turkser.com\/index.php\/wp-json\/wp\/v2\/pages\/59\/revisions\/150"}],"wp:featuredmedia":[{"embeddable":true,"href":"https:\/\/www.turkser.com\/index.php\/wp-json\/wp\/v2\/media\/118"}],"wp:attachment":[{"href":"https:\/\/www.turkser.com\/index.php\/wp-json\/wp\/v2\/media?parent=59"}],"curies":[{"name":"wp","href":"https:\/\/api.w.org\/{rel}","templated":true}]}}