{"id":57,"date":"2022-01-02T16:52:53","date_gmt":"2022-01-02T16:52:53","guid":{"rendered":"https:\/\/www.turkser.com\/?page_id=57"},"modified":"2026-03-01T09:28:04","modified_gmt":"2026-03-01T09:28:04","slug":"klima-santrali","status":"publish","type":"page","link":"https:\/\/www.turkser.com\/index.php\/klima-santrali\/","title":{"rendered":"D\u0130MPLEX ISI POMPALARI"},"content":{"rendered":"\n<h5 class=\"wp-block-heading\">\u0130ZM\u0130R MERKEZ SERV\u0130S\u0130M\u0130Z  TELEFON   0532-4815942<\/h5>\n\n\n\n<p>C\u0130HAZLARINIZA SADECE E\u011e\u0130T\u0130M ALMI\u015e YETK\u0130L\u0130 SERV\u0130SLER\u0130M\u0130ZE BAKIM VE ONARIM YAPTIRINIZ<\/p>\n\n\n\n<p>Konu modern \u0131s\u0131 pompas\u0131 teknolojisi olunca akla gelen tek bir isim vard\u0131r: Dimplex.<\/p>\n\n\n\n<p>Dimplex \u0131s\u0131 pompas\u0131 teknolojisi geli\u015fmi\u015f bir teknolojiye sahiptir ve hayat\u0131n i\u00e7inde de\u011ferini kan\u0131tlam\u0131\u015ft\u0131r.Is\u0131 pompas\u0131 \u0131s\u0131tma sistemleri, yeni ve modern binalar\u0131n \u0131s\u0131 ihtiyac\u0131n\u0131n %100\u2019\u00fcn\u00fc kar\u015f\u0131lar. Bunun yan\u0131 s\u0131ra t\u00fcketici, sertifikal\u0131 bir \u00fcreticinin y\u00fcksek kalite seri \u00fcretiminden k\u00e2r sa\u011flar.<\/p>\n\n\n\n<p>T\u00fcm d\u00fcnyada elektrikle \u00e7al\u0131 \u015fan \u0131s\u0131tma sistemlerinin en b\u00fcy\u00fck \u00fcreticisi olarak Glen Dimplex Group, 35 y\u0131l\u0131 a\u015fk\u0131n bir s\u00fcredir Kulmbach tesislerinde yenilik\u00e7i \u0131s\u0131 pompas\u0131 sistemleri geli\u015ftirmekte ve \u00fcretmektedir. Yani Dimplex sadece elektrik teknisyenleri i\u00e7in yetkin bir ortak olarak kalmaz, ayn\u0131 zamanda konu yenilik\u00e7i \u0131s\u0131 pompas\u0131 teknolojisi alan\u0131nda, Almanya\u2019da \u00fcretilmi\u015f lider bir markad\u0131r. Onlarca y\u0131ld\u0131r, binlerce montajlanm\u0131\u015f \u00fcr\u00fcn\u00fcm\u00fcz, ba\u015far\u0131m\u0131z\u0131n kan\u0131t\u0131 olmu\u015ftur. Sizde Dimplex deneyimine g\u00fcvenebilirsiniz.<\/p>\n\n\n\n<p>Dimplex firmas\u0131 1976 y\u0131l\u0131ndan beri Almanya\u2019da Is\u0131 pompas\u0131 \u00fcretmekte olup bu konudaki ilk \u00fcreticilerden biridir. Almanya Pazar lideridir. Keza ayn\u0131 \u015fekilde \u0130ngiltere, \u0130svi\u00e7re ve Avusturya \u00fclkelerinde de ayn\u0131 konumdad\u0131r.<\/p>\n\n\n\n<p>Dimplex Firmas\u0131 \u015fu an itibari ile Almanya ( % 22 Pazar pay\u0131), Avusturya, \u0130svi\u00e7re ve Fransa\u2019da Pazar lideridir.<\/p>\n\n\n\n<figure class=\"wp-block-image size-large\"><img loading=\"lazy\" decoding=\"async\" width=\"310\" height=\"450\" src=\"https:\/\/www.turkser.com\/wp-content\/uploads\/2026\/03\/LAK9.png\" alt=\"\" class=\"wp-image-159\" srcset=\"https:\/\/www.turkser.com\/wp-content\/uploads\/2026\/03\/LAK9.png 310w, https:\/\/www.turkser.com\/wp-content\/uploads\/2026\/03\/LAK9-207x300.png 207w\" sizes=\"auto, (max-width: 310px) 100vw, 310px\" \/><\/figure>\n\n\n\n<figure class=\"wp-block-gallery has-nested-images columns-default is-cropped wp-block-gallery-1 is-layout-flex wp-block-gallery-is-layout-flex\"><\/figure>\n\n\n\n<figure class=\"wp-block-gallery has-nested-images columns-default is-cropped wp-block-gallery-2 is-layout-flex wp-block-gallery-is-layout-flex\"><\/figure>\n\n\n","protected":false},"excerpt":{"rendered":"<p>\u0130ZM\u0130R MERKEZ SERV\u0130S\u0130M\u0130Z TELEFON 0532-4815942 C\u0130HAZLARINIZA SADECE E\u011e\u0130T\u0130M ALMI\u015e YETK\u0130L\u0130 SERV\u0130SLER\u0130M\u0130ZE BAKIM VE ONARIM YAPTIRINIZ Konu modern \u0131s\u0131 pompas\u0131 teknolojisi olunca akla gelen tek bir isim vard\u0131r: Dimplex. Dimplex \u0131s\u0131 pompas\u0131 teknolojisi geli\u015fmi\u015f bir teknolojiye sahiptir ve hayat\u0131n i\u00e7inde de\u011ferini kan\u0131tlam\u0131\u015ft\u0131r.Is\u0131 pompas\u0131 \u0131s\u0131tma sistemleri, yeni ve modern binalar\u0131n \u0131s\u0131 ihtiyac\u0131n\u0131n %100\u2019\u00fcn\u00fc kar\u015f\u0131lar. Bunun yan\u0131 s\u0131ra [&hellip;]<\/p>\n","protected":false},"author":1,"featured_media":0,"parent":0,"menu_order":0,"comment_status":"closed","ping_status":"closed","template":"","meta":{"footnotes":""},"class_list":["post-57","page","type-page","status-publish","hentry"],"_links":{"self":[{"href":"https:\/\/www.turkser.com\/index.php\/wp-json\/wp\/v2\/pages\/57","targetHints":{"allow":["GET"]}}],"collection":[{"href":"https:\/\/www.turkser.com\/index.php\/wp-json\/wp\/v2\/pages"}],"about":[{"href":"https:\/\/www.turkser.com\/index.php\/wp-json\/wp\/v2\/types\/page"}],"author":[{"embeddable":true,"href":"https:\/\/www.turkser.com\/index.php\/wp-json\/wp\/v2\/users\/1"}],"replies":[{"embeddable":true,"href":"https:\/\/www.turkser.com\/index.php\/wp-json\/wp\/v2\/comments?post=57"}],"version-history":[{"count":4,"href":"https:\/\/www.turkser.com\/index.php\/wp-json\/wp\/v2\/pages\/57\/revisions"}],"predecessor-version":[{"id":160,"href":"https:\/\/www.turkser.com\/index.php\/wp-json\/wp\/v2\/pages\/57\/revisions\/160"}],"wp:attachment":[{"href":"https:\/\/www.turkser.com\/index.php\/wp-json\/wp\/v2\/media?parent=57"}],"curies":[{"name":"wp","href":"https:\/\/api.w.org\/{rel}","templated":true}]}}